{"id":363,"date":"2023-01-02T19:21:19","date_gmt":"2023-01-02T18:21:19","guid":{"rendered":"https:\/\/asterautomatyka.eu\/?page_id=363"},"modified":"2023-01-02T23:03:26","modified_gmt":"2023-01-02T22:03:26","slug":"strona-glowna","status":"publish","type":"page","link":"https:\/\/asterautomatyka.eu\/","title":{"rendered":""},"content":{"rendered":"\n<p style=\"font-size:18px\"><strong>Robotyzacja i automatyzacja<\/strong> staje si\u0119 priorytetem wielu firm, kt\u00f3re we wdro\u017ceniu inteligentnych technologii widz\u0105 szans\u0119 na budow\u0119 przewagi konkurencyjnej i zwi\u0119kszenie elastyczno\u015bci w warunkach dynamicznie zmieniaj\u0105cego si\u0119 rynku. Wato zaznaczy\u0107, \u017ce proces ten nie jest tylko domen\u0105 du\u017cych organizacji, coraz cz\u0119\u015bciej po nowoczesne rozwi\u0105zania si\u0119gaj\u0105 mniejsze firmy. Na naszych oczach stajemy si\u0119 cz\u0119\u015bci\u0105 cyfrowej transformacji.<\/p>\n\n\n\n<figure class=\"wp-block-image alignfull size-full\"><img loading=\"lazy\" decoding=\"async\" width=\"1920\" height=\"1080\" src=\"https:\/\/asterautomatyka.eu\/wp-content\/uploads\/2023\/01\/automation-g6b5bdc48a_1920-edited.jpg\" alt=\"\" class=\"wp-image-377\" srcset=\"https:\/\/asterautomatyka.eu\/wp-content\/uploads\/2023\/01\/automation-g6b5bdc48a_1920-edited.jpg 1920w, https:\/\/asterautomatyka.eu\/wp-content\/uploads\/2023\/01\/automation-g6b5bdc48a_1920-edited-300x169.jpg 300w, https:\/\/asterautomatyka.eu\/wp-content\/uploads\/2023\/01\/automation-g6b5bdc48a_1920-edited-1024x576.jpg 1024w, https:\/\/asterautomatyka.eu\/wp-content\/uploads\/2023\/01\/automation-g6b5bdc48a_1920-edited-768x432.jpg 768w, https:\/\/asterautomatyka.eu\/wp-content\/uploads\/2023\/01\/automation-g6b5bdc48a_1920-edited-1536x864.jpg 1536w\" sizes=\"auto, (max-width: 1920px) 100vw, 1920px\" \/><\/figure>\n\n\n\n<p class=\"ticss-65b03058\"><\/p>\n\n\n\n<p style=\"font-size:18px\">W procesie cyfrowej transformacji pomaga firma technologiczna <strong>ASTER<\/strong> dostarczaj\u0105ca rozwi\u0105zania z zakresu automatyki i robotyki dla firm przemys\u0142owych z r\u00f3\u017cnych ga\u0142\u0119zi produkcyjnych. Pomagamy usprawnia\u0107 procesy oraz dostarcza\u0107 nowe autorskie opracowania i technologie.<\/p>\n\n\n\n<p style=\"font-size:18px\">Zesp\u00f3\u0142 do\u015bwiadczonych in\u017cynier\u00f3w pracuje nad rozwi\u0105zaniem powierzonych nam zagadnie\u0144. Jednocze\u015bnie oferujemy pe\u0142ne wsparcie produkcyjne w przygotowywanych opracowaniach do pe\u0142nych urz\u0105dze\u0144 przemys\u0142owych.<\/p>\n","protected":false},"excerpt":{"rendered":"<p>Robotyzacja i automatyzacja staje si\u0119 priorytetem wielu firm, kt\u00f3re we wdro\u017ceniu inteligentnych technologii widz\u0105 szans\u0119 na budow\u0119 przewagi konkurencyjnej i zwi\u0119kszenie elastyczno\u015bci w warunkach dynamicznie zmieniaj\u0105cego si\u0119 rynku. Wato zaznaczy\u0107, \u017ce proces ten nie jest tylko domen\u0105 du\u017cych organizacji, coraz cz\u0119\u015bciej po nowoczesne rozwi\u0105zania si\u0119gaj\u0105 mniejsze firmy. Na naszych oczach stajemy si\u0119 cz\u0119\u015bci\u0105 cyfrowej transformacji. W procesie cyfrowej transformacji pomaga firma technologiczna ASTER dostarczaj\u0105ca rozwi\u0105zania z zakresu automatyki i robotyki dla firm przemys\u0142owych z r\u00f3\u017cnych ga\u0142\u0119zi produkcyjnych. Pomagamy usprawnia\u0107 procesy oraz dostarcza\u0107 nowe autorskie opracowania i technologie. Zesp\u00f3\u0142 do\u015bwiadczonych in\u017cynier\u00f3w pracuje nad rozwi\u0105zaniem powierzonych nam zagadnie\u0144. Jednocze\u015bnie oferujemy pe\u0142ne wsparcie\u2026<\/p>\n","protected":false},"author":1,"featured_media":0,"parent":0,"menu_order":0,"comment_status":"closed","ping_status":"closed","template":"","meta":{"_themeisle_gutenberg_block_has_review":false,"_ti_tpc_template_sync":false,"_ti_tpc_template_id":"","footnotes":""},"class_list":["post-363","page","type-page","status-publish","hentry"],"blocksy_meta":{"styles_descriptor":{"styles":{"desktop":"[data-prefix=\"single_page\"] [class*=\"ct-container\"] > article[class*=\"post\"] {--has-boxed:var(--false);--has-wide:var(--true);}","tablet":"","mobile":""},"google_fonts":[],"version":5},"page_title_panel":"","has_hero_section":"default","c60761cf640da6535a6adbf88bcb286e":"","hero_section":"type-1","hero_elements":[{"id":"custom_title","enabled":true,"heading_tag":"h1","title":"Strona g\u0142\u00f3wna"},{"id":"custom_description","enabled":true,"description_visibility":{"desktop":true,"tablet":true,"mobile":false}},{"id":"custom_meta","enabled":false,"meta_elements":[{"id":"author","enabled":true,"label":"Przez","has_author_avatar":"yes","avatar_size":25},{"id":"post_date","enabled":true,"label":"W\u0142\u0105cz","date_format_source":"default","date_format":"M j, Y"},{"id":"updated_date","enabled":false,"label":"W\u0142\u0105cz","date_format_source":"default","date_format":"M j, Y"},{"id":"categories","enabled":false,"label":"W","style":"simple"},{"id":"comments","enabled":true}],"page_meta_elements":{"joined":true,"articles_count":true,"comments":true}},{"id":"breadcrumbs","enabled":false}],"787ed02551701e746744143a0aba3c97":"","hero_alignment1":"CT_CSS_SKIP_RULE","hero_margin":40,"hero_alignment2":"center","hero_vertical_alignment":"center","7c032f2f66830153d83e0809d6a60d5d":"","hero_structure":"narrow","7c25bdbf46232ed13b5ac98a7ee8bad4":"","page_title_bg_type":"featured_image","custom_hero_background":{"attachment_id":null},"page_title_image_size":"full","parallax":{"desktop":false,"tablet":false,"mobile":false},"6d811419b3e1dc4caf7b2095a180f47f":"","hero_height":"250px","pageTitleFont":{"family":"Default","variation":"Default","size":"30px","line-height":"CT_CSS_SKIP_RULE","letter-spacing":"CT_CSS_SKIP_RULE","text-transform":"CT_CSS_SKIP_RULE","text-decoration":"CT_CSS_SKIP_RULE"},"pageTitleFontColor":{"default":{"color":"CT_CSS_SKIP_RULEDEFAULT"}},"pageMetaFont":{"family":"Default","variation":"n6","size":"12px","line-height":"1.3","letter-spacing":"CT_CSS_SKIP_RULE","text-transform":"uppercase","text-decoration":"CT_CSS_SKIP_RULE"},"pageMetaFontColor":{"default":{"color":"CT_CSS_SKIP_RULEDEFAULT"},"hover":{"color":"CT_CSS_SKIP_RULEDEFAULT"}},"page_meta_button_type_font_colors":{"default":{"color":"CT_CSS_SKIP_RULEDEFAULT"},"hover":{"color":"CT_CSS_SKIP_RULEDEFAULT"}},"page_meta_button_type_background_colors":{"default":{"color":"CT_CSS_SKIP_RULEDEFAULT"},"hover":{"color":"CT_CSS_SKIP_RULEDEFAULT"}},"pageExcerptFont":{"family":"Default","variation":"Default","size":"CT_CSS_SKIP_RULE","line-height":"CT_CSS_SKIP_RULE","letter-spacing":"CT_CSS_SKIP_RULE","text-transform":"CT_CSS_SKIP_RULE","text-decoration":"CT_CSS_SKIP_RULE"},"pageExcerptColor":{"default":{"color":"CT_CSS_SKIP_RULEDEFAULT"}},"breadcrumbsFont":{"family":"Default","variation":"Default","size":"CT_CSS_SKIP_RULE","line-height":"CT_CSS_SKIP_RULE","letter-spacing":"CT_CSS_SKIP_RULE","text-transform":"CT_CSS_SKIP_RULE","text-decoration":"CT_CSS_SKIP_RULE"},"breadcrumbsFontColor":{"default":{"color":"CT_CSS_SKIP_RULEDEFAULT"},"initial":{"color":"CT_CSS_SKIP_RULEDEFAULT"},"hover":{"color":"CT_CSS_SKIP_RULEDEFAULT"}},"pageTitleOverlay":{"background_type":"color","background_pattern":"type-1","background_image":{"attachment_id":null,"x":0,"y":0},"gradient":"linear-gradient(135deg,rgba(6,147,227,1) 0%,rgb(155,81,224) 100%)","background_repeat":"repeat","background_size":"auto","background_attachment":"scroll","patternColor":{"default":{"color":"#e5e7ea"}},"overlayColor":{"default":{"color":"CT_CSS_SKIP_RULE"}},"backgroundColor":{"default":{"color":"CT_CSS_SKIP_RULE"}}},"pageTitleBackground":{"background_type":"color","background_pattern":"type-1","background_image":{"attachment_id":null,"x":0,"y":0},"gradient":"linear-gradient(135deg,rgba(6,147,227,1) 0%,rgb(155,81,224) 100%)","background_repeat":"repeat","background_size":"auto","background_attachment":"scroll","patternColor":{"default":{"color":"#e5e7ea"}},"overlayColor":{"default":{"color":"CT_CSS_SKIP_RULE"}},"backgroundColor":{"default":{"color":"var(--paletteColor6)"}}},"pageTitlePadding":{"top":"50px","bottom":"50px","left":"auto","right":"auto","linked":true},"50f9febe75ef558147458f6b909ff80e":"","page_structure_type":"default","5cc8a0cf9fa063488637f511777a05d7":"","content_style_source":"custom","content_style":"wide","vertical_spacing_source":"custom","content_area_spacing":"both","background":{"background_type":"color","background_pattern":"type-1","background_image":{"attachment_id":null,"x":0,"y":0},"gradient":"linear-gradient(135deg,rgba(6,147,227,1) 0%,rgb(155,81,224) 100%)","background_repeat":"repeat","background_size":"auto","background_attachment":"scroll","patternColor":{"default":{"color":"#e5e7ea"}},"overlayColor":{"default":{"color":"CT_CSS_SKIP_RULE"}},"backgroundColor":{"default":{"color":"CT_CSS_SKIP_RULE"}}},"content_background":{"background_type":"color","background_pattern":"type-1","background_image":{"attachment_id":null,"x":0,"y":0},"gradient":"linear-gradient(135deg,rgba(6,147,227,1) 0%,rgb(155,81,224) 100%)","background_repeat":"repeat","background_size":"auto","background_attachment":"scroll","patternColor":{"default":{"color":"#e5e7ea"}},"overlayColor":{"default":{"color":"CT_CSS_SKIP_RULE"}},"backgroundColor":{"default":{"color":"var(--paletteColor8)"}}},"content_boxed_shadow":{"inherit":false,"blur":18,"spread":-6,"v_offset":12,"h_offset":0,"inset":false,"enable":true,"color":{"color":"rgba(34, 56, 101, 0.04)"}},"content_boxed_border":{"width":1,"style":"none","color":{"color":"rgba(44,62,80,0.2)"}},"content_boxed_radius":{"top":"3px","bottom":"3px","left":"3px","right":"3px","linked":true},"boxed_content_spacing":{"desktop":{"top":"40px","bottom":"40px","left":"40px","right":"40px","linked":true},"tablet":{"top":"35px","bottom":"35px","left":"35px","right":"35px","linked":true},"mobile":{"top":"20px","bottom":"20px","left":"20px","right":"20px","linked":true}},"a7d5d4455818018da409e07c0f24d9b3":"","disable_featured_image":"no","disable_share_box":"no","disable_header":"no","disable_footer":"no"},"_links":{"self":[{"href":"https:\/\/asterautomatyka.eu\/index.php?rest_route=\/wp\/v2\/pages\/363","targetHints":{"allow":["GET"]}}],"collection":[{"href":"https:\/\/asterautomatyka.eu\/index.php?rest_route=\/wp\/v2\/pages"}],"about":[{"href":"https:\/\/asterautomatyka.eu\/index.php?rest_route=\/wp\/v2\/types\/page"}],"author":[{"embeddable":true,"href":"https:\/\/asterautomatyka.eu\/index.php?rest_route=\/wp\/v2\/users\/1"}],"replies":[{"embeddable":true,"href":"https:\/\/asterautomatyka.eu\/index.php?rest_route=%2Fwp%2Fv2%2Fcomments&post=363"}],"version-history":[{"count":13,"href":"https:\/\/asterautomatyka.eu\/index.php?rest_route=\/wp\/v2\/pages\/363\/revisions"}],"predecessor-version":[{"id":455,"href":"https:\/\/asterautomatyka.eu\/index.php?rest_route=\/wp\/v2\/pages\/363\/revisions\/455"}],"wp:attachment":[{"href":"https:\/\/asterautomatyka.eu\/index.php?rest_route=%2Fwp%2Fv2%2Fmedia&parent=363"}],"curies":[{"name":"wp","href":"https:\/\/api.w.org\/{rel}","templated":true}]}}